{"id":559,"date":"2018-10-04T22:19:26","date_gmt":"2018-10-04T20:19:26","guid":{"rendered":"http:\/\/cc.pwsz.konin.edu.pl\/?page_id=559"},"modified":"2024-11-30T12:24:44","modified_gmt":"2024-11-30T11:24:44","slug":"559-2","status":"publish","type":"page","link":"https:\/\/cc.pwsz.konin.edu.pl\/?page_id=559","title":{"rendered":"Plenary Speakers"},"content":{"rendered":"\n<p><span style=\"color: #000000;\">The following internationally-recognized experts have accepted our invitation:<\/span><\/p>\n<ul>\n<li><strong>Christian Baden<\/strong> (Hebrew University of Jerusalem, Israel)<\/li>\n<li><strong>Ma\u0142gorzata Kr\u00f3l <\/strong>(University of Lodz, Poland)<\/li>\n<li><strong>Miros\u0142aw Pawlak <\/strong>(Adam Mickiewicz University, Kalisz; University of Applied Sciences in Konin, Poland)\u00a0<\/li>\n<li><strong>Agnieszka St\u0119pi\u0144ska<\/strong> (Adam Mickiewicz University, Pozna\u0144, Poland)\u00a0<\/li>\n<li><strong>Petra Storjohann <\/strong>(Universit\u00e4t Mannheim, Germany)<\/li>\n<li><strong>Monika Tosik<\/strong> (University of Lodz, Poland)\u00a0<\/li>\n<li><strong>Omnia Zayed<\/strong> (University of Galway, Ireland)<\/li>\n<\/ul>\n<p>\u00a0<\/p>\n","protected":false},"excerpt":{"rendered":"<p>The following internationally-recognized experts have accepted our invitation: Christian Baden (Hebrew University of Jerusalem, Israel) Ma\u0142gorzata Kr\u00f3l (University of Lodz, Poland) Miros\u0142aw Pawlak (Adam Mickiewicz University, Kalisz; University of Applied Sciences in Konin, Poland)\u00a0 Agnieszka St\u0119pi\u0144ska (Adam Mickiewicz University, Pozna\u0144, Poland)\u00a0 Petra Storjohann (Universit\u00e4t Mannheim, Germany) Monika Tosik (University of Lodz, Poland)\u00a0 Omnia Zayed (University [&hellip;]<\/p>\n","protected":false},"author":1,"featured_media":0,"parent":0,"menu_order":0,"comment_status":"closed","ping_status":"closed","template":"","meta":{"footnotes":""},"class_list":["post-559","page","type-page","status-publish","hentry"],"_links":{"self":[{"href":"https:\/\/cc.pwsz.konin.edu.pl\/index.php?rest_route=\/wp\/v2\/pages\/559","targetHints":{"allow":["GET"]}}],"collection":[{"href":"https:\/\/cc.pwsz.konin.edu.pl\/index.php?rest_route=\/wp\/v2\/pages"}],"about":[{"href":"https:\/\/cc.pwsz.konin.edu.pl\/index.php?rest_route=\/wp\/v2\/types\/page"}],"author":[{"embeddable":true,"href":"https:\/\/cc.pwsz.konin.edu.pl\/index.php?rest_route=\/wp\/v2\/users\/1"}],"replies":[{"embeddable":true,"href":"https:\/\/cc.pwsz.konin.edu.pl\/index.php?rest_route=%2Fwp%2Fv2%2Fcomments&post=559"}],"version-history":[{"count":37,"href":"https:\/\/cc.pwsz.konin.edu.pl\/index.php?rest_route=\/wp\/v2\/pages\/559\/revisions"}],"predecessor-version":[{"id":1744,"href":"https:\/\/cc.pwsz.konin.edu.pl\/index.php?rest_route=\/wp\/v2\/pages\/559\/revisions\/1744"}],"wp:attachment":[{"href":"https:\/\/cc.pwsz.konin.edu.pl\/index.php?rest_route=%2Fwp%2Fv2%2Fmedia&parent=559"}],"curies":[{"name":"wp","href":"https:\/\/api.w.org\/{rel}","templated":true}]}}