{"id":24,"date":"2016-11-08T07:14:50","date_gmt":"2016-11-08T06:14:50","guid":{"rendered":"http:\/\/cc.pwsz.konin.edu.pl\/?page_id=24"},"modified":"2024-11-26T20:29:09","modified_gmt":"2024-11-26T19:29:09","slug":"conferences","status":"publish","type":"page","link":"https:\/\/cc.pwsz.konin.edu.pl\/?page_id=24","title":{"rendered":"Conferences"},"content":{"rendered":"<p><strong>CONTACTS &amp; CONTRASTS 2023 <\/strong>&#8211; the international conference 27-29 March 2023<\/p>\n<p><strong>CONTACTS &amp; CONTRASTS 2021<\/strong> &#8211; the international conference 18-20 October 2021<\/p>\n<p><strong>CONTACTS &amp; CONTRASTS 2019<\/strong> &#8211; the international conference 1-3 April 2019<\/p>\n<p><strong>CONTACTS &amp; CONTRASTS 2017<\/strong> &#8211; the international conference 29-31 May 2017<\/p>\n<hr \/>\n<p><span style=\"font-family: arial, helvetica, sans-serif; font-size: 12pt; color: #000000;\"><strong>PANEL Kompetencje Wsp\u00f3\u0142czesnego T\u0142umacza 2020 (Competences of Contemporary Translator) <\/strong>&#8211; 17 November 2020<\/span><\/p>\n<p><span style=\"font-family: arial, helvetica, sans-serif; font-size: 12pt; color: #000000;\"><strong>PANEL Kompetencje Wsp\u00f3\u0142czesnego T\u0142umacza 2019<\/strong> &#8211; 17 April 2019<\/span><\/p>\n<p><span style=\"font-family: arial, helvetica, sans-serif; font-size: 12pt; color: #000000;\"><strong>PANEL Kompetencje Wsp\u00f3\u0142czesnego T\u0142umacza 2018 <\/strong><\/span><\/p>\n<p><span style=\"font-family: arial, helvetica, sans-serif; font-size: 12pt; color: #000000;\"><strong>PANEL<\/strong> <strong>Kompetencje Wsp\u00f3\u0142czesnego T\u0142umacza 2017<\/strong>\u00a0 &#8211; 15 March 2017\u00a0<\/span><\/p>\n<hr \/>\n<p><span style=\"font-family: arial, helvetica, sans-serif; font-size: 12pt; color: #000000;\"><strong>ZBLI\u017bENIA<\/strong>\u00a0<strong>2019: Badania interdyscyplinarne: Rzeczywisto\u015b\u0107 a wyzwania &#8211; <\/strong>19-20 November 2019<\/span><\/p>\n<p><span style=\"font-family: arial, helvetica, sans-serif; font-size: 12pt; color: #000000;\"><strong>ZBLI\u017bENIA<\/strong>\u00a0<strong>2017: J\u0119zykoznawstwo &#8211; translatoryka &#8211; literaturoznawstwo <\/strong>&#8211; 21-22 November 2017<\/span><\/p>\n","protected":false},"excerpt":{"rendered":"<p>CONTACTS &amp; CONTRASTS 2023 &#8211; the international conference 27-29 March 2023 CONTACTS &amp; CONTRASTS 2021 &#8211; the international conference 18-20 October 2021 CONTACTS &amp; CONTRASTS 2019 &#8211; the international conference 1-3 April 2019 CONTACTS &amp; CONTRASTS 2017 &#8211; the international conference 29-31 May 2017 PANEL Kompetencje Wsp\u00f3\u0142czesnego T\u0142umacza 2020 (Competences of Contemporary Translator) &#8211; 17 [&hellip;]<\/p>\n","protected":false},"author":1,"featured_media":0,"parent":0,"menu_order":0,"comment_status":"closed","ping_status":"closed","template":"","meta":{"footnotes":""},"class_list":["post-24","page","type-page","status-publish","hentry"],"_links":{"self":[{"href":"https:\/\/cc.pwsz.konin.edu.pl\/index.php?rest_route=\/wp\/v2\/pages\/24","targetHints":{"allow":["GET"]}}],"collection":[{"href":"https:\/\/cc.pwsz.konin.edu.pl\/index.php?rest_route=\/wp\/v2\/pages"}],"about":[{"href":"https:\/\/cc.pwsz.konin.edu.pl\/index.php?rest_route=\/wp\/v2\/types\/page"}],"author":[{"embeddable":true,"href":"https:\/\/cc.pwsz.konin.edu.pl\/index.php?rest_route=\/wp\/v2\/users\/1"}],"replies":[{"embeddable":true,"href":"https:\/\/cc.pwsz.konin.edu.pl\/index.php?rest_route=%2Fwp%2Fv2%2Fcomments&post=24"}],"version-history":[{"count":48,"href":"https:\/\/cc.pwsz.konin.edu.pl\/index.php?rest_route=\/wp\/v2\/pages\/24\/revisions"}],"predecessor-version":[{"id":1659,"href":"https:\/\/cc.pwsz.konin.edu.pl\/index.php?rest_route=\/wp\/v2\/pages\/24\/revisions\/1659"}],"wp:attachment":[{"href":"https:\/\/cc.pwsz.konin.edu.pl\/index.php?rest_route=%2Fwp%2Fv2%2Fmedia&parent=24"}],"curies":[{"name":"wp","href":"https:\/\/api.w.org\/{rel}","templated":true}]}}